{"id":151,"date":"2019-10-26T20:08:14","date_gmt":"2019-10-27T00:08:14","guid":{"rendered":"https:\/\/monvr.psychologyresearch.co.uk\/?page_id=151"},"modified":"2020-03-07T18:02:04","modified_gmt":"2020-03-07T23:02:04","slug":"mondrians-design-in-its-intended-space","status":"publish","type":"page","link":"https:\/\/monvr.psychologyresearch.co.uk\/index.php\/mondrians-design-in-its-intended-space\/","title":{"rendered":"Mondrian\u2019s design in its intended space"},"content":{"rendered":"\n<h2 class=\"wp-block-heading\"><strong>360 room projection in Villa Bienert at Dresden <\/strong><\/h2>\n\n\n\n<p> Bienert\u2019s\u00a0 Villa in W\u00fcrzburger Stra\u00dfe 46 at Dresden, for Mondrian provided his room design, has survived dramatic historical change largely unaltered (Wagner, 2019) \u2013 offering a unique opportunity to render the plan in the actual space it was meant to fill. The research institution <a href=\"https:\/\/www.barkhauseninstitut.org\/  \">Barkhausen Institut <\/a>commissioned an installation to Intolight, an agency for interactive installations, to revive Mondrian\u2019s design as<a href=\"http:\/\/ https:\/\/www.barkhauseninstitut.org\/en\/research\/open-lab\/open-lab-1 \"> 360 deg video installation<\/a> in its intended space, the surviving Villa Bienert. Any attempt to demonstrate the Ida Bienert\u2019s \u2018Damenzimmer\u2019 could have looked like, how, would be facing various challenges. The room has seen several renovation phases, such as the installation of power sockets and cables covered by surface ducts running around all four walls, or covering the floor with wooden parquet at some stage. Moreover, some discrepancies between Mondrian\u2019s design and the physical dimensions of the \u2018Damenzimmer\u2019 would require small adjustments to the boundaries between colour fields (Zanker et al, 2019). <\/p>\n\n\n\n<p>Other limitations to a full 360\u00b0 video designers in such a small space arise from parts of surfaces being obstructed by the equipment, and projectors not reaching the full extent of space, thus limiting the \u2018ecologic validity\u2019 for the study of aesthetics questions. With the free adoption of the historical concept in a 360\u00b0 room projection, this commission illustrates the focus\u00a0 of their research topics related technology questions: The straight lines, pure forms and colours of abstract painting are used to demonstrate a different kind of network: the Internet of Things and its technical challenges. In other words, the room turns into a data channel that opens possibilities to visualize some technical challenges addressed by the Barkhausen Institut. Allowing the users to play with Mondrian\u00b4s sketch and change its appearance, can demonstrate effects of interference factors in the communication between wireless transmitters and receivers, case of packet loss rate, or a privacy intrusion. <\/p>\n\n\n\n<p> As a result of these constraints, the video projection of Mondrian\u2019s   plan a installed by \u2018Intolight\u2019 was restricted to the walls between the   electric ducts and the ceiling, and blinded windows. Their main aim was   not focused on arts historical accuracy but on the intention to   appropriate his design to create an interactive installation that would   allow visitors to explore the abstract relationship between cardinal   lines, pure shapes, and basic colours. To enhance this experience, the   room was filled with music, and a white console was installed at the   centre of the room that would allow visitors to change the appearance of   the room by increasing the number of rectangles or colour of shapes. <\/p>\n\n\n\n<div class=\"wp-block-image\"><figure class=\"aligncenter\"><img loading=\"lazy\" decoding=\"async\" width=\"800\" height=\"396\" src=\"https:\/\/monvr.psychologyresearch.co.uk\/wp-content\/uploads\/2019\/10\/barkhausen-panorame.jpg\" alt=\"\" class=\"wp-image-180\" srcset=\"https:\/\/monvr.psychologyresearch.co.uk\/wp-content\/uploads\/2019\/10\/barkhausen-panorame.jpg 800w, https:\/\/monvr.psychologyresearch.co.uk\/wp-content\/uploads\/2019\/10\/barkhausen-panorame-300x149.jpg 300w, https:\/\/monvr.psychologyresearch.co.uk\/wp-content\/uploads\/2019\/10\/barkhausen-panorame-768x380.jpg 768w\" sizes=\"auto, (max-width: 706px) 89vw, (max-width: 767px) 82vw, 740px\" \/><figcaption>Panoramic view of the basic room layout, a control console in the centre \u2013 note that projected Mondrian-like patterns are restricted to the 4 walls. <\/figcaption><\/figure><\/div>\n\n\n\n<p>Making use of this unique opportunity to work in the original \u2018Damenzimmer\u2019, our team did run an explorative eye-tracking experiment during the public presentation of the \u2018Intolight\u2019 installation, to compare gaze patterns \u2018on-location of the real Mondrian Salon\u2019 with those in the Salon recreated by Zobernig in the museum, as well as inside the VR environment. <\/p>\n\n\n\n<div class=\"wp-block-image\"><figure class=\"aligncenter is-resized\"><img loading=\"lazy\" decoding=\"async\" src=\"https:\/\/monvr.psychologyresearch.co.uk\/wp-content\/uploads\/2019\/10\/barkhausen-inside.jpg\" alt=\"\" class=\"wp-image-181\" width=\"600\" height=\"453\" srcset=\"https:\/\/monvr.psychologyresearch.co.uk\/wp-content\/uploads\/2019\/10\/barkhausen-inside.jpg 800w, https:\/\/monvr.psychologyresearch.co.uk\/wp-content\/uploads\/2019\/10\/barkhausen-inside-300x227.jpg 300w, https:\/\/monvr.psychologyresearch.co.uk\/wp-content\/uploads\/2019\/10\/barkhausen-inside-768x580.jpg 768w\" sizes=\"auto, (max-width: 600px) 100vw, 600px\" \/><figcaption>Photograph from inside the \u2018Damenzimmer\u2019: a participant the carrying mobile eye tracker (\u2026and appropriately background-matching shirt and trousers\u2026) is exploring one of the corners of the room. <\/figcaption><\/figure><\/div>\n\n\n\n<p>The concept of an interactive installation, however, was difficult to reconcile with the ideal of a controlled experiment \u2013 including a reassurance that every participant would be exposed to the same room design. The emission, occlusion and reflection of light \u2013 it\u2019s hardly predictable saturation, hue and lightness \u2013\u00a0 together with the enriched sound scape, certainly would make a rather different experience drawing visitors attention \u2013 and foot fall as much as eye movements \u2013 away from the patterns on the walls, fundamentally changing the interaction between visitor and environment.\u00a0 Therefore a comparison between the \u2018Damenzimmer\u2019, \u2018Zobernig\u2019, and VR space would be superficial if not futile. Still, it is interesting to speculate whether there could be characteristic feature combinations (such as lone intersections with contracting colour) that might preferentially attract first fixations, irrespective of unpredictable overall patterns. An initial average heat map form 3 participant who produced a sufficiently long recording in the 360\u00b0 room projection is shown in the figure below. There seems to be a tendency to look at the blue and red square and in particular intersections, which might be different from the behaviour in the real and VR room installations in the museum that displayed stronger  grey-level contrasts.  <\/p>\n\n\n\n<figure class=\"wp-block-image\"><img loading=\"lazy\" decoding=\"async\" width=\"1024\" height=\"189\" src=\"https:\/\/monvr.psychologyresearch.co.uk\/wp-content\/uploads\/2020\/03\/heatmap-barkhausen-1024x189.jpg\" alt=\"\" class=\"wp-image-198\" srcset=\"https:\/\/monvr.psychologyresearch.co.uk\/wp-content\/uploads\/2020\/03\/heatmap-barkhausen-1024x189.jpg 1024w, https:\/\/monvr.psychologyresearch.co.uk\/wp-content\/uploads\/2020\/03\/heatmap-barkhausen-300x55.jpg 300w, https:\/\/monvr.psychologyresearch.co.uk\/wp-content\/uploads\/2020\/03\/heatmap-barkhausen-768x142.jpg 768w, https:\/\/monvr.psychologyresearch.co.uk\/wp-content\/uploads\/2020\/03\/heatmap-barkhausen.jpg 1082w\" sizes=\"auto, (max-width: 706px) 89vw, (max-width: 767px) 82vw, 740px\" \/><figcaption>Panoramic view of the gaze fixation on the 4 walls, as generated by 3 participants in the 360\u00b0 room projection inside the \u2018Damenzimmer\u2019. <\/figcaption><\/figure>\n\n\n\n<p><strong>References<\/strong><\/p>\n\n\n\n<p style=\"font-size:12px\">Wagner, Mathias\n(2019). \u201eAber f\u00fcr Zimmer\ndieser Art mu\u00df man sich auch andere Menschen denken!\u201c \u2013 Piet Mandirans Raum f\u00fcr\nIda Bienert\u2018, In \u201eZukunftsr\u00e4ume: Kandinsky, Mondrian, Lissitzky und Gr\u00fc\u00dfe die\nabstrakt-konstruktive Avantgarde in Dresden 1919 bis 1932\u201c Sandstein Verlag, Dresden.<strong><\/strong><\/p>\n\n\n\n<p style=\"font-size:12px\">ZZanker, J.M., Gulhan, D., Stevanov, J. Holmes, T. (2019). Constructing Piet Mondrian\u2019s design of a \u2018Salon for Ida Bienert\u2019; in: Perception Vol. 48(2S), 42nd European Conference on Visual Perception (ECVP) 2019 Leuven, p 98-99<\/p>\n","protected":false},"excerpt":{"rendered":"<p>360 room projection in Villa Bienert at Dresden Bienert\u2019s\u00a0 Villa in W\u00fcrzburger Stra\u00dfe 46 at Dresden, for Mondrian provided his room design, has survived dramatic historical change largely unaltered (Wagner, 2019) \u2013 offering a unique opportunity to render the plan in the actual space it was meant to fill. The research institution Barkhausen Institut commissioned &hellip; <\/p>\n<p class=\"link-more\"><a href=\"https:\/\/monvr.psychologyresearch.co.uk\/index.php\/mondrians-design-in-its-intended-space\/\" class=\"more-link\">Continue reading<span class=\"screen-reader-text\"> &#8220;Mondrian\u2019s design in its intended space&#8221;<\/span><\/a><\/p>\n","protected":false},"author":2,"featured_media":0,"parent":0,"menu_order":0,"comment_status":"closed","ping_status":"closed","template":"","meta":{"footnotes":""},"class_list":["post-151","page","type-page","status-publish","hentry"],"_links":{"self":[{"href":"https:\/\/monvr.psychologyresearch.co.uk\/index.php\/wp-json\/wp\/v2\/pages\/151","targetHints":{"allow":["GET"]}}],"collection":[{"href":"https:\/\/monvr.psychologyresearch.co.uk\/index.php\/wp-json\/wp\/v2\/pages"}],"about":[{"href":"https:\/\/monvr.psychologyresearch.co.uk\/index.php\/wp-json\/wp\/v2\/types\/page"}],"author":[{"embeddable":true,"href":"https:\/\/monvr.psychologyresearch.co.uk\/index.php\/wp-json\/wp\/v2\/users\/2"}],"replies":[{"embeddable":true,"href":"https:\/\/monvr.psychologyresearch.co.uk\/index.php\/wp-json\/wp\/v2\/comments?post=151"}],"version-history":[{"count":14,"href":"https:\/\/monvr.psychologyresearch.co.uk\/index.php\/wp-json\/wp\/v2\/pages\/151\/revisions"}],"predecessor-version":[{"id":203,"href":"https:\/\/monvr.psychologyresearch.co.uk\/index.php\/wp-json\/wp\/v2\/pages\/151\/revisions\/203"}],"wp:attachment":[{"href":"https:\/\/monvr.psychologyresearch.co.uk\/index.php\/wp-json\/wp\/v2\/media?parent=151"}],"curies":[{"name":"wp","href":"https:\/\/api.w.org\/{rel}","templated":true}]}}